{"id":987,"date":"2026-03-01T17:04:40","date_gmt":"2026-03-01T17:04:40","guid":{"rendered":"https:\/\/schnetzerin.at\/?page_id=987"},"modified":"2026-03-01T17:14:51","modified_gmt":"2026-03-01T17:14:51","slug":"impressum","status":"publish","type":"page","link":"https:\/\/schnetzerin.at\/index.php\/impressum\/","title":{"rendered":"Impressum"},"content":{"rendered":"\n<p><strong>Medieninhaberin und Herausgeberin<\/strong><\/p>\n\n\n\n<p>Michaela Schnetzer<br>Leopoldskronstr. 4C<br>5020 Salzburg<br>\u00d6sterreich<\/p>\n\n\n\n<p>E-Mail: michaela@schnetzer.at..<\/p>\n\n\n\n<p>Website: www.schnetzerin.at<\/p>\n\n\n\n<h3 class=\"wp-block-heading\">Unternehmensgegenstand \/ T\u00e4tigkeitsbereich<\/h3>\n\n\n\n<p>Vortr\u00e4ge, Workshops und Einzelbegleitung im Bereich Traditionelle Europ\u00e4ische Medizin, Mentaltraining und meditative Praxis.<\/p>\n\n\n\n<p>Die angebotenen Leistungen dienen in erster Linie der Wissensvermittlung.<br>Sie stellen keine medizinische, psychotherapeutische oder heilkundliche Behandlung dar und ersetzen keine \u00e4rztliche oder therapeutische Diagnose oder Therapie.<\/p>\n\n\n\n<h3 class=\"wp-block-heading\">Grundlegende Richtung der Website (gem\u00e4\u00df \u00a7 25 Mediengesetz)<\/h3>\n\n\n\n<p>Diese Website dient der Information \u00fcber meine T\u00e4tigkeit sowie der Darstellung meines Angebots im Bereich ganzheitlicher Begleitung und Wissensvermittlung.<\/p>\n\n\n\n<h3 class=\"wp-block-heading\">Haftung f\u00fcr Inhalte<\/h3>\n\n\n\n<p>Die Inhalte dieser Website wurden mit gr\u00f6\u00dftm\u00f6glicher Sorgfalt erstellt. F\u00fcr die Richtigkeit, Vollst\u00e4ndigkeit und Aktualit\u00e4t der Inhalte wird jedoch keine Gew\u00e4hr \u00fcbernommen.<\/p>\n\n\n\n<h3 class=\"wp-block-heading\">Urheberrecht<\/h3>\n\n\n\n<p>Die Inhalte dieser Website (Texte, Bilder, Gestaltung) unterliegen dem Urheberrecht. Jede Verwendung au\u00dferhalb der Grenzen des Urheberrechts bedarf der ausdr\u00fccklichen Zustimmung der Medieninhaberin.<\/p>\n","protected":false},"excerpt":{"rendered":"<p>Medieninhaberin und Herausgeberin Michaela SchnetzerLeopoldskronstr. 4C5020 Salzburg\u00d6sterreich E-Mail: michaela@schnetzer.at.. Website: www.schnetzerin.at Unternehmensgegenstand \/ T\u00e4tigkeitsbereich Vortr\u00e4ge, Workshops und Einzelbegleitung im Bereich Traditionelle Europ\u00e4ische Medizin, Mentaltraining und meditative Praxis. Die angebotenen Leistungen dienen in erster Linie der<\/p>\n","protected":false},"author":2,"featured_media":0,"parent":0,"menu_order":0,"comment_status":"closed","ping_status":"closed","template":"","meta":{"footnotes":""},"class_list":["post-987","page","type-page","status-publish","hentry"],"_links":{"self":[{"href":"https:\/\/schnetzerin.at\/index.php\/wp-json\/wp\/v2\/pages\/987","targetHints":{"allow":["GET"]}}],"collection":[{"href":"https:\/\/schnetzerin.at\/index.php\/wp-json\/wp\/v2\/pages"}],"about":[{"href":"https:\/\/schnetzerin.at\/index.php\/wp-json\/wp\/v2\/types\/page"}],"author":[{"embeddable":true,"href":"https:\/\/schnetzerin.at\/index.php\/wp-json\/wp\/v2\/users\/2"}],"replies":[{"embeddable":true,"href":"https:\/\/schnetzerin.at\/index.php\/wp-json\/wp\/v2\/comments?post=987"}],"version-history":[{"count":3,"href":"https:\/\/schnetzerin.at\/index.php\/wp-json\/wp\/v2\/pages\/987\/revisions"}],"predecessor-version":[{"id":999,"href":"https:\/\/schnetzerin.at\/index.php\/wp-json\/wp\/v2\/pages\/987\/revisions\/999"}],"wp:attachment":[{"href":"https:\/\/schnetzerin.at\/index.php\/wp-json\/wp\/v2\/media?parent=987"}],"curies":[{"name":"wp","href":"https:\/\/api.w.org\/{rel}","templated":true}]}}