{"id":28,"date":"2024-01-22T17:58:38","date_gmt":"2024-01-22T17:58:38","guid":{"rendered":"https:\/\/schnetzerin.at\/?page_id=28"},"modified":"2026-02-28T10:51:02","modified_gmt":"2026-02-28T10:51:02","slug":"astrologie","status":"publish","type":"page","link":"https:\/\/schnetzerin.at\/index.php\/astrologie\/","title":{"rendered":"\u00dcber mich"},"content":{"rendered":"\n<hr class=\"wp-block-separator alignwide has-alpha-channel-opacity is-style-wide\"\/>\n\n\n\n<div class=\"wp-block-columns alignwide are-vertically-aligned-top is-layout-flex wp-container-core-columns-is-layout-30f78326 wp-block-columns-is-layout-flex\">\n<div class=\"wp-block-column is-vertically-aligned-top is-layout-flow wp-block-column-is-layout-flow\" style=\"flex-basis:400px\"><\/div>\n\n\n\n<div class=\"wp-block-column is-vertically-aligned-top is-layout-flow wp-block-column-is-layout-flow\">\n<h2 class=\"wp-block-heading has-large-font-size\" style=\"margin-top:0px\">\u00dcber mich<\/h2>\n\n\n\n<p>Meine Arbeit ist aus dem Wunsch entstanden, Menschen in Zeiten der Neuorientierung einen ruhigen und verl\u00e4sslichen Rahmen zu bieten. Im Mittelpunkt steht f\u00fcr mich der Mensch in seiner individuellen Lebenssituation \u2014 mit seinen Fragen, Erfahrungen und Entscheidungen.<\/p>\n\n\n\n<p>Mehrj\u00e4hrige Ausbildungen in Phytotherapie, Mentaltraining und Meditation sowie die kontinuierliche eigene Praxis bilden die Grundlage meiner Arbeit. Besonders pr\u00e4gend ist dabei die Traditionelle Europ\u00e4ische Medizin, die den Menschen in seiner Ganzheit betrachtet und nat\u00fcrliche Zusammenh\u00e4nge in den Mittelpunkt stellt.<\/p>\n\n\n\n<p>Ein Ausdruck dieser Auseinandersetzung mit der europ\u00e4ischen Pflanzenkunde ist auch mein Buch <em>\u201eKr\u00e4uter, die Frauen gut tun\u201c<\/em>, in dem traditionelles Wissen \u00fcber Heilpflanzen und deren Bedeutung f\u00fcr Frauen zusammengetragen wurde.<\/p>\n\n\n\n<p>Begleitung verstehe ich als achtsamen Prozess: zuh\u00f6ren, wahrnehmen, ordnen und gemeinsam Klarheit entstehen lassen.<\/p>\n<\/div>\n<\/div>\n\n\n\n<hr class=\"wp-block-separator alignwide has-alpha-channel-opacity is-style-wide\"\/>\n\n\n\n<div class=\"wp-block-columns alignwide are-vertically-aligned-top is-layout-flex wp-container-core-columns-is-layout-30f78326 wp-block-columns-is-layout-flex\">\n<div class=\"wp-block-column is-vertically-aligned-top is-layout-flow wp-block-column-is-layout-flow\" style=\"flex-basis:400px\">\n<figure class=\"wp-block-gallery has-nested-images columns-default is-cropped wp-block-gallery-1 is-layout-flex wp-block-gallery-is-layout-flex\">\n<figure class=\"wp-block-image size-large\"><img loading=\"lazy\" decoding=\"async\" width=\"437\" height=\"437\" data-id=\"36\" src=\"https:\/\/schnetzerin.at\/wp-content\/uploads\/2024\/01\/Kraeuter-die-Frauen-gut-tun.jpg\" alt=\"\" class=\"wp-image-36\" srcset=\"https:\/\/schnetzerin.at\/wp-content\/uploads\/2024\/01\/Kraeuter-die-Frauen-gut-tun.jpg 437w, https:\/\/schnetzerin.at\/wp-content\/uploads\/2024\/01\/Kraeuter-die-Frauen-gut-tun-300x300.jpg 300w, https:\/\/schnetzerin.at\/wp-content\/uploads\/2024\/01\/Kraeuter-die-Frauen-gut-tun-150x150.jpg 150w\" sizes=\"auto, (max-width: 437px) 100vw, 437px\" \/><\/figure>\n<\/figure>\n<\/div>\n\n\n\n<div class=\"wp-block-column is-vertically-aligned-top is-layout-flow wp-block-column-is-layout-flow\">\n<h2 class=\"wp-block-heading has-large-font-size\" style=\"margin-top:0px\">Publikation<\/h2>\n\n\n\n<p>Kr\u00e4uter, die Frauen gut tun, Servus Verlag, 2. Auflage 2019<\/p>\n<\/div>\n<\/div>\n\n\n\n<hr class=\"wp-block-separator alignwide has-alpha-channel-opacity is-style-wide\"\/>\n\n\n\n<div class=\"wp-block-columns alignwide are-vertically-aligned-top is-layout-flex wp-container-core-columns-is-layout-30f78326 wp-block-columns-is-layout-flex\">\n<div class=\"wp-block-column is-vertically-aligned-top is-layout-flow wp-block-column-is-layout-flow\" style=\"flex-basis:400px\"><\/div>\n\n\n\n<div class=\"wp-block-column is-vertically-aligned-top is-layout-flow wp-block-column-is-layout-flow\">\n<h2 class=\"wp-block-heading has-large-font-size\" style=\"margin-top:0px\">Mein Werdegang<\/h2>\n\n\n\n<p>Mein beruflicher Hintergrund verbindet unterschiedliche Erfahrungsr\u00e4ume: ein Studium der Betriebswirtschaft ebenso wie mehrj\u00e4hrige Ausbildungen in Phytotherapie, Mentaltraining und Meditation.<br>Diese Verbindung aus analytischem Denken und ganzheitlicher Betrachtung pr\u00e4gt meine Arbeit bis heute.<\/p>\n\n\n\n<p><strong>Meine Aus- und Weiterbildungen (Auswahl):<\/strong><\/p>\n\n\n\n<ul class=\"wp-block-list\">\n<li>2026 Meditationstrainerin nach TEM (Dr. Karl-Heinz Steinmetz Institut f\u00fcr TEM, Wien)<\/li>\n\n\n\n<li>2025 Aroma-Mental- und Achtsamkeitstrainerin (Sinnesschmiede, Graz)<\/li>\n\n\n\n<li>2023 Traditionelle Europ\u00e4ische Medizin (Institut f\u00fcr TEM, Curhaus Bad Kreuzen)<\/li>\n\n\n\n<li>2022 Astrologische Expertin (Astrorbis, Schweiz)<\/li>\n\n\n\n<li>2017 Kommunikationsworkshop (VHS Salzburg)<\/li>\n\n\n\n<li>2016 Verschiedene Fortbildungen an der TEH-Akademie, Unken<\/li>\n\n\n\n<li>2015 Frauen Naturheilkunde mit Dr. Heide Fischer (TEH-Akademie, Unken)<\/li>\n\n\n\n<li>2013 Traditionelle Europ\u00e4ische Heilkunde-Praktikerin bei Dr. Karin Buchart (TEH-Akademie, Unken)<\/li>\n<\/ul>\n<\/div>\n<\/div>\n\n\n\n<hr class=\"wp-block-separator alignwide has-alpha-channel-opacity is-style-wide\"\/>\n\n\n\n<div class=\"wp-block-columns alignwide are-vertically-aligned-top is-layout-flex wp-container-core-columns-is-layout-30f78326 wp-block-columns-is-layout-flex\">\n<div class=\"wp-block-column is-vertically-aligned-top is-layout-flow wp-block-column-is-layout-flow\" style=\"flex-basis:400px\"><\/div>\n\n\n\n<div class=\"wp-block-column is-vertically-aligned-top is-layout-flow wp-block-column-is-layout-flow\">\n<h2 class=\"wp-block-heading has-large-font-size\" style=\"margin-top:0px\">Kontakt<\/h2>\n\n\n\n<p>Wenn Sie den Wunsch nach Orientierung oder Kl\u00e4rung versp\u00fcren, k\u00f6nnen Sie gerne mit mir in Kontakt treten. Nach Ihrer Nachricht melde ich mich pers\u00f6nlich bei Ihnen.<\/p>\n\n\n\n<p>Meine email-Adresse: michaela@schnetzer.at<\/p>\n<\/div>\n<\/div>\n","protected":false},"excerpt":{"rendered":"<p>\u00dcber mich Meine Arbeit ist aus dem Wunsch entstanden, Menschen in Zeiten der Neuorientierung einen ruhigen und verl\u00e4sslichen Rahmen zu bieten. Im Mittelpunkt steht f\u00fcr mich der Mensch in seiner individuellen Lebenssituation \u2014 mit seinen<\/p>\n","protected":false},"author":2,"featured_media":0,"parent":0,"menu_order":3,"comment_status":"closed","ping_status":"closed","template":"","meta":{"footnotes":""},"class_list":["post-28","page","type-page","status-publish","hentry"],"_links":{"self":[{"href":"https:\/\/schnetzerin.at\/index.php\/wp-json\/wp\/v2\/pages\/28","targetHints":{"allow":["GET"]}}],"collection":[{"href":"https:\/\/schnetzerin.at\/index.php\/wp-json\/wp\/v2\/pages"}],"about":[{"href":"https:\/\/schnetzerin.at\/index.php\/wp-json\/wp\/v2\/types\/page"}],"author":[{"embeddable":true,"href":"https:\/\/schnetzerin.at\/index.php\/wp-json\/wp\/v2\/users\/2"}],"replies":[{"embeddable":true,"href":"https:\/\/schnetzerin.at\/index.php\/wp-json\/wp\/v2\/comments?post=28"}],"version-history":[{"count":41,"href":"https:\/\/schnetzerin.at\/index.php\/wp-json\/wp\/v2\/pages\/28\/revisions"}],"predecessor-version":[{"id":908,"href":"https:\/\/schnetzerin.at\/index.php\/wp-json\/wp\/v2\/pages\/28\/revisions\/908"}],"wp:attachment":[{"href":"https:\/\/schnetzerin.at\/index.php\/wp-json\/wp\/v2\/media?parent=28"}],"curies":[{"name":"wp","href":"https:\/\/api.w.org\/{rel}","templated":true}]}}