{"id":23,"date":"2024-01-22T17:51:39","date_gmt":"2024-01-22T17:51:39","guid":{"rendered":"https:\/\/schnetzerin.at\/?page_id=23"},"modified":"2026-03-12T08:29:07","modified_gmt":"2026-03-12T08:29:07","slug":"heilpflanzen","status":"publish","type":"page","link":"https:\/\/schnetzerin.at\/index.php\/heilpflanzen\/","title":{"rendered":"Formate"},"content":{"rendered":"\n<hr class=\"wp-block-separator alignwide has-alpha-channel-opacity is-style-wide\"\/>\n\n\n\n<div class=\"wp-block-columns alignwide are-vertically-aligned-top is-layout-flex wp-container-core-columns-is-layout-30f78326 wp-block-columns-is-layout-flex\">\n<div class=\"wp-block-column is-vertically-aligned-top is-layout-flow wp-block-column-is-layout-flow\">\n<h2 class=\"wp-block-heading has-large-font-size\" style=\"margin-top:0px\">Rahmen der Begleitung<\/h2>\n\n\n\n<p>Meine Arbeit findet in einem pers\u00f6nlichen und bewusst klein gehaltenen Rahmen statt. Sie richtet sich an                                                                                      Menschen, die sich in einer Phase der Neuorientierung befinden und sich bewusst Zeit f\u00fcr Kl\u00e4rung und                                                                                                  innere Ausrichtung nehmen m\u00f6chten.<\/p>\n\n\n\n<p>Auf Grundlage meiner Ausbildungen und langj\u00e4hrigen Erfahrung arbeite ich mit unterschiedlichen methodischen Zug\u00e4ngen. Der kleine, pers\u00f6nliche Rahmen erm\u00f6glicht es, individuell auf das jeweilige Anliegen einzugehen. So entsteht ein stimmiger Raum f\u00fcr Reflexion, Gespr\u00e4ch und Wahrnehmung auf k\u00f6rperlicher, geistiger und seelischer Ebene.<\/p>\n<\/div>\n<\/div>\n\n\n\n<hr class=\"wp-block-separator alignwide has-alpha-channel-opacity is-style-wide\"\/>\n\n\n\n<div class=\"wp-block-columns alignwide are-vertically-aligned-top is-layout-flex wp-container-core-columns-is-layout-30f78326 wp-block-columns-is-layout-flex\">\n<div class=\"wp-block-column is-vertically-aligned-top is-layout-flow wp-block-column-is-layout-flow\" style=\"flex-basis:400px\">\n<p><\/p>\n\n\n\n<figure class=\"wp-block-image size-large\"><img loading=\"lazy\" decoding=\"async\" width=\"1024\" height=\"683\" src=\"https:\/\/schnetzerin.at\/wp-content\/uploads\/2026\/02\/Teezeit-mit-Jasminbluete-und-Freundinnen-1024x683.png\" alt=\"\" class=\"wp-image-885\" srcset=\"https:\/\/schnetzerin.at\/wp-content\/uploads\/2026\/02\/Teezeit-mit-Jasminbluete-und-Freundinnen-1024x683.png 1024w, https:\/\/schnetzerin.at\/wp-content\/uploads\/2026\/02\/Teezeit-mit-Jasminbluete-und-Freundinnen-300x200.png 300w, https:\/\/schnetzerin.at\/wp-content\/uploads\/2026\/02\/Teezeit-mit-Jasminbluete-und-Freundinnen-768x512.png 768w, https:\/\/schnetzerin.at\/wp-content\/uploads\/2026\/02\/Teezeit-mit-Jasminbluete-und-Freundinnen.png 1536w\" sizes=\"auto, (max-width: 1024px) 100vw, 1024px\" \/><\/figure>\n<\/div>\n\n\n\n<div class=\"wp-block-column is-vertically-aligned-top is-layout-flow wp-block-column-is-layout-flow\">\n<h2 class=\"wp-block-heading has-large-font-size\" style=\"margin-top:0px\">Einzelbegleitung<\/h2>\n\n\n\n<p>Individuelle Gespr\u00e4che bieten einen gesch\u00fctzten Raum, um pers\u00f6nliche Fragestellungen in Ruhe zu betrachten und Orientierung in Zeiten des Wandels zu finden.<\/p>\n\n\n\n<p>Gedanken d\u00fcrfen sich ordnen, Wahrnehmung kann sich vertiefen und innere Prozesse bewusst reflektiert werden. Entscheidungen d\u00fcrfen dabei in ihrem eigenen Tempo reifen. Methoden aus Mentaltraining und meditativer Praxis k\u00f6nnen dabei unterst\u00fctzen, eine stimmige Richtung zu erkennen.<\/p>\n\n\n\n<p>Die Einzelbegleitung wird jeweils an die pers\u00f6nliche Situation und die individuellen Anliegen angepasst.<\/p>\n\n\n\n<p>Wenn Sie einen ruhigen Rahmen f\u00fcr Ihre \u00dcberlegungen w\u00fcnschen, freue ich mich \u00fcber Ihre Nachricht: michaela@schnetzer.at. Nach Ihrem Mail melde ich mich pers\u00f6nlich bei Ihnen.<\/p>\n<\/div>\n<\/div>\n\n\n\n<hr class=\"wp-block-separator alignwide has-alpha-channel-opacity is-style-wide\"\/>\n\n\n\n<div class=\"wp-block-columns alignwide are-vertically-aligned-top is-layout-flex wp-container-core-columns-is-layout-30f78326 wp-block-columns-is-layout-flex\">\n<div class=\"wp-block-column is-vertically-aligned-top is-layout-flow wp-block-column-is-layout-flow\" style=\"flex-basis:400px\">\n<figure class=\"wp-block-image size-large\"><img loading=\"lazy\" decoding=\"async\" width=\"1024\" height=\"683\" src=\"https:\/\/schnetzerin.at\/wp-content\/uploads\/2026\/02\/Gemeinsame-Ruhe-im-minimalistischen-Raum-1024x683.png\" alt=\"\" class=\"wp-image-887\" srcset=\"https:\/\/schnetzerin.at\/wp-content\/uploads\/2026\/02\/Gemeinsame-Ruhe-im-minimalistischen-Raum-1024x683.png 1024w, https:\/\/schnetzerin.at\/wp-content\/uploads\/2026\/02\/Gemeinsame-Ruhe-im-minimalistischen-Raum-300x200.png 300w, https:\/\/schnetzerin.at\/wp-content\/uploads\/2026\/02\/Gemeinsame-Ruhe-im-minimalistischen-Raum-768x512.png 768w, https:\/\/schnetzerin.at\/wp-content\/uploads\/2026\/02\/Gemeinsame-Ruhe-im-minimalistischen-Raum.png 1536w\" sizes=\"auto, (max-width: 1024px) 100vw, 1024px\" \/><\/figure>\n<\/div>\n\n\n\n<div class=\"wp-block-column is-vertically-aligned-top is-layout-flow wp-block-column-is-layout-flow\">\n<h2 class=\"wp-block-heading has-large-font-size\" style=\"margin-top:0px\">Begegnungen im kleinen Kreis<\/h2>\n\n\n\n<p><strong>Impulse, Workshops und Vortr\u00e4ge<\/strong><\/p>\n\n\n\n<p>In Workshops und Vortr\u00e4gen im kleinen Kreis widme ich mich Themen der Traditionellen Europ\u00e4ischen Medizin, der Pflanzenkunde und der Meditation.<\/p>\n\n\n\n<p>Der bewusst pers\u00f6nliche Rahmen erm\u00f6glicht eine ruhige Atmosph\u00e4re, Austausch und vertiefende Auseinandersetzung. Im Mittelpunkt stehen gemeinsames Wahrnehmen, Reflektieren und Innehalten.<\/p>\n\n\n\n<p>Wenn Sie \u00fcber aktuelle Termine informiert werden m\u00f6chten, senden Sie mir gerne eine Nachricht an michaela@schnetzer.at.<\/p>\n<\/div>\n<\/div>\n\n\n\n<hr class=\"wp-block-separator alignwide has-alpha-channel-opacity is-style-wide\"\/>\n\n\n\n<div class=\"wp-block-columns alignwide are-vertically-aligned-top is-layout-flex wp-container-core-columns-is-layout-30f78326 wp-block-columns-is-layout-flex\">\n<div class=\"wp-block-column is-vertically-aligned-top is-layout-flow wp-block-column-is-layout-flow\">\n<h2 class=\"wp-block-heading has-large-font-size\" style=\"margin-top:0px\">Raum f\u00fcr ein Gespr\u00e4ch<\/h2>\n\n\n\n<p>Wenn Sie sich in einer Phase der Neuorientierung befinden und kl\u00e4ren m\u00f6chten, ob eine Begleitung f\u00fcr Sie stimmig sein k\u00f6nnte, besteht die M\u00f6glichkeit eines kurzen pers\u00f6nlichen Kennenlern-Gespr\u00e4chs.<\/p>\n\n\n\n<p>In diesem etwas 15-min\u00fctigen Austausch lernen wir einander kennen und k\u00f6nnen gemeinsam kl\u00e4ren, ob meine Arbeitsweise zu Ihrem Anliegen passt. Ich freue mich \u00fcber Ihre Kontaktaufnahme: <strong>michaela@schnetzer.at<\/strong><\/p>\n\n\n\n<p><strong>-&gt; Bitte beachten Sie:<\/strong> Meine T\u00e4tigkeit versteht sich als begleitende Unterst\u00fctzung und ersetzt keine \u00e4rztliche oder psychotherapeutische Behandlung!<\/p>\n<\/div>\n<\/div>\n","protected":false},"excerpt":{"rendered":"<p>Rahmen der Begleitung Meine Arbeit findet in einem pers\u00f6nlichen und bewusst klein gehaltenen Rahmen statt. Sie richtet sich an Menschen, die sich in einer Phase der Neuorientierung befinden und sich bewusst Zeit f\u00fcr Kl\u00e4rung und<\/p>\n","protected":false},"author":2,"featured_media":0,"parent":0,"menu_order":1,"comment_status":"closed","ping_status":"closed","template":"","meta":{"footnotes":""},"class_list":["post-23","page","type-page","status-publish","hentry"],"_links":{"self":[{"href":"https:\/\/schnetzerin.at\/index.php\/wp-json\/wp\/v2\/pages\/23","targetHints":{"allow":["GET"]}}],"collection":[{"href":"https:\/\/schnetzerin.at\/index.php\/wp-json\/wp\/v2\/pages"}],"about":[{"href":"https:\/\/schnetzerin.at\/index.php\/wp-json\/wp\/v2\/types\/page"}],"author":[{"embeddable":true,"href":"https:\/\/schnetzerin.at\/index.php\/wp-json\/wp\/v2\/users\/2"}],"replies":[{"embeddable":true,"href":"https:\/\/schnetzerin.at\/index.php\/wp-json\/wp\/v2\/comments?post=23"}],"version-history":[{"count":65,"href":"https:\/\/schnetzerin.at\/index.php\/wp-json\/wp\/v2\/pages\/23\/revisions"}],"predecessor-version":[{"id":1020,"href":"https:\/\/schnetzerin.at\/index.php\/wp-json\/wp\/v2\/pages\/23\/revisions\/1020"}],"wp:attachment":[{"href":"https:\/\/schnetzerin.at\/index.php\/wp-json\/wp\/v2\/media?parent=23"}],"curies":[{"name":"wp","href":"https:\/\/api.w.org\/{rel}","templated":true}]}}