{"id":2,"date":"2024-01-22T16:22:12","date_gmt":"2024-01-22T16:22:12","guid":{"rendered":"https:\/\/schnetzerin.at\/?page_id=2"},"modified":"2026-03-12T08:20:16","modified_gmt":"2026-03-12T08:20:16","slug":"sample-page","status":"publish","type":"page","link":"https:\/\/schnetzerin.at\/","title":{"rendered":"Orientierung"},"content":{"rendered":"\n<p><strong>Innehalten. Ausrichten. Weitergehen<\/strong>.<\/p>\n\n\n\n<div class=\"wp-block-columns alignwide are-vertically-aligned-top is-layout-flex wp-container-core-columns-is-layout-30f78326 wp-block-columns-is-layout-flex\">\n<div class=\"wp-block-column is-vertically-aligned-top is-layout-flow wp-block-column-is-layout-flow\">\n<h1 class=\"wp-block-heading has-large-font-size\" style=\"margin-top:0px;text-transform:capitalize\">Orientierung in Zeiten des Wandels<\/h1>\n\n\n\n<p> <strong>Wenn Ver\u00e4nderung sp\u00fcrbar wird<\/strong><\/p>\n\n\n\n<p class=\"has-text-align-left\">Es gibt Lebensphasen, in denen Fragen nach Neuorientierung in den Vordergrund r\u00fccken.                                                                                                     An solchen Wendepunkten kann Innehalten helfen,                                                                                                                                                                    den eigenen Weg aus einer erweiterten Perspektive zu betrachten.<\/p>\n\n\n\n<p>In diesen Phasen der Neuorientierung braucht es keinen schnellen Rat,<br>sondern einen klaren Raum f\u00fcr Reflexion.                                                                                                                                                                                    In solchen Zeiten m\u00f6chte ich mit meiner Arbeit einen Raum er\u00f6ffnen, in dem Orientierung wachsen darf.<\/p>\n\n\n\n<p>Auf Grundlage Traditioneller Europ\u00e4ischer Medizin,<br>Mentaltraining und meditativer Praxis begleite ich Menschen,<br>die vor wichtigen Entscheidungen stehen \u2014 beruflich wie pers\u00f6nlich.<\/p>\n\n\n\n<p>Orientierung entsteht dort, wo Klarheit wachsen darf.<br>Mit Ruhe. Mit Struktur. Mit Blick auf K\u00f6rper, Geist und Seele.<\/p>\n\n\n\n<hr class=\"wp-block-separator alignwide has-alpha-channel-opacity is-style-wide\"\/>\n\n\n\n<p><strong><em>K\u00f6rper &#8211; Geist &#8211; Seele <\/em><\/strong><\/p>\n\n\n\n<hr class=\"wp-block-separator alignwide has-alpha-channel-opacity is-style-wide\"\/>\n\n\n\n<p><strong>Mein Ansatz<\/strong><\/p>\n\n\n\n<p><strong>Drei Ebenen &#8211; ein Zusammenhang<\/strong><\/p>\n\n\n\n<p>Orientierung entsteht leichter, wenn wir Menschen in ihrer Ganzheit betrachten.                                                                                                               Meine Arbeit gr\u00fcndet auf einem Verst\u00e4ndnis des Menschen, in dem K\u00f6rper, Geist und Seele                                                                                                   in einem wechselseitigen Verh\u00e4ltnis stehen und einander beeinflussen \u2013 besonders in Zeiten des Wandels.<\/p>\n\n\n\n<p>Phasen des Wandels bringen oft Entscheidungen mit sich, die nicht nur den Verstand betreffen.                                                                                           Sie k\u00f6nnen sich auch im K\u00f6rper zeigen, innere Haltungen formen und das seelische Gleichgewicht ber\u00fchren.<\/p>\n\n\n\n<p>Auf Grundlage Traditioneller Europ\u00e4ischer Medizin, Mentaltraining und meditativer Praxis                                                                                              verbinde ich diese drei Ebenen in einer achtsamen und strukturierten Begleitung.<\/p>\n<\/div>\n<\/div>\n\n\n\n<hr class=\"wp-block-separator alignwide has-alpha-channel-opacity is-style-wide\"\/>\n\n\n\n<div class=\"wp-block-columns alignwide are-vertically-aligned-top is-layout-flex wp-container-core-columns-is-layout-30f78326 wp-block-columns-is-layout-flex\">\n<div class=\"wp-block-column is-vertically-aligned-top is-layout-flow wp-block-column-is-layout-flow\" style=\"flex-basis:300px\">\n<figure class=\"wp-block-image size-large\"><img loading=\"lazy\" decoding=\"async\" width=\"1024\" height=\"683\" src=\"https:\/\/schnetzerin.at\/wp-content\/uploads\/2026\/02\/Salbeiblatt-mit-Teeglas-1024x683.png\" alt=\"\" class=\"wp-image-895\" srcset=\"https:\/\/schnetzerin.at\/wp-content\/uploads\/2026\/02\/Salbeiblatt-mit-Teeglas-1024x683.png 1024w, https:\/\/schnetzerin.at\/wp-content\/uploads\/2026\/02\/Salbeiblatt-mit-Teeglas-300x200.png 300w, https:\/\/schnetzerin.at\/wp-content\/uploads\/2026\/02\/Salbeiblatt-mit-Teeglas-768x512.png 768w, https:\/\/schnetzerin.at\/wp-content\/uploads\/2026\/02\/Salbeiblatt-mit-Teeglas.png 1536w\" sizes=\"auto, (max-width: 1024px) 100vw, 1024px\" \/><\/figure>\n<\/div>\n\n\n\n<div class=\"wp-block-column is-vertically-aligned-top is-layout-flow wp-block-column-is-layout-flow\">\n<h2 class=\"wp-block-heading has-large-font-size\" style=\"margin-top:0px\"><strong>K\u00f6rper<\/strong><\/h2>\n\n\n\n<p><strong>Traditionelle Europ\u00e4ische Medizin und Pflanzenheilkunde<\/strong><\/p>\n\n\n\n<p>Die Traditionelle Europ\u00e4ische Medizin stellt den Menschen mit seiner individuellen Konstitution in den Mittelpunkt. Sie versteht den K\u00f6rper als Ausdruck innerer Prozesse, Lebensrhythmen und pers\u00f6nlicher Dispositionen.<\/p>\n\n\n\n<p><br>Innerhalb der TEM nimmt die Pflanzenheilkunde eine besondere Stellung ein. Sie geht von der Pflanze aus &#8211; von ihren \u00fcberlieferten Eigenschaften und ihren Wirkqualit\u00e4ten. Dieses Wissen ist seit Jahrhunderten Teil der europ\u00e4ischen Kultur und er\u00f6ffnet eine achtsame Hinwendung zur k\u00f6rperlichen Ebene und ihren Bed\u00fcrfnissen.<\/p>\n\n\n\n<p><br>In der Verbindung beider Perspektiven entsteht ein bewusster Zugang zur k\u00f6rperlichen Ebene: nicht im Sinne einer Behandlung oder Beratung, sondern als begleitende Unterst\u00fctzung, die Wahrnehmung und Eigenverantwortung st\u00e4rkt.<\/p>\n<\/div>\n<\/div>\n\n\n\n<hr class=\"wp-block-separator alignwide has-alpha-channel-opacity is-style-wide\"\/>\n\n\n\n<div class=\"wp-block-columns alignwide are-vertically-aligned-top is-layout-flex wp-container-core-columns-is-layout-30f78326 wp-block-columns-is-layout-flex\">\n<div class=\"wp-block-column is-vertically-aligned-top is-layout-flow wp-block-column-is-layout-flow\" style=\"flex-basis:300px\">\n<figure class=\"wp-block-image size-large\"><img loading=\"lazy\" decoding=\"async\" width=\"1024\" height=\"683\" src=\"https:\/\/schnetzerin.at\/wp-content\/uploads\/2026\/02\/Richtung-auf-cremefarbenem-Papier-1024x683.png\" alt=\"\" class=\"wp-image-899\" srcset=\"https:\/\/schnetzerin.at\/wp-content\/uploads\/2026\/02\/Richtung-auf-cremefarbenem-Papier-1024x683.png 1024w, https:\/\/schnetzerin.at\/wp-content\/uploads\/2026\/02\/Richtung-auf-cremefarbenem-Papier-300x200.png 300w, https:\/\/schnetzerin.at\/wp-content\/uploads\/2026\/02\/Richtung-auf-cremefarbenem-Papier-768x512.png 768w, https:\/\/schnetzerin.at\/wp-content\/uploads\/2026\/02\/Richtung-auf-cremefarbenem-Papier.png 1536w\" sizes=\"auto, (max-width: 1024px) 100vw, 1024px\" \/><\/figure>\n<\/div>\n\n\n\n<div class=\"wp-block-column is-vertically-aligned-top is-layout-flow wp-block-column-is-layout-flow\">\n<h2 class=\"wp-block-heading has-large-font-size\" style=\"margin-top:0px\"><strong>Geist<\/strong><\/h2>\n\n\n\n<p><strong>Mentale Ausrichtung und innere Klarheit<\/strong><\/p>\n\n\n\n<p>Die geistige Ebene betrifft unsere Gedanken, \u00dcberzeugungen und inneren Bilder. Sie pr\u00e4gen, wie wir Situationen wahrnehmen und welche Entscheidungen wir f\u00fcr m\u00f6glich halten.<\/p>\n\n\n\n<p>Mentaltraining richtet den Blick auf diese innere Struktur. Es unterst\u00fctzt dabei, Denkweisen bewusst wahrzunehmen, Gewohnheiten zu reflektieren und tragf\u00e4hige Perspektiven zu entwickeln.                       Dabei geht es nicht um Optimierung im Sinne \u00e4u\u00dferer Leistungssteigerung,                                              sondern um Klarheit und innere Stimmigkeit.<\/p>\n\n\n\n<p>Im bewussten Umgang mit den eigenen Gedanken entsteht Klarheit: Entscheidungen wachsen aus Einsicht, nicht durch Druck. Methoden des Mentaltrainings helfen dabei, gewohnte Denkweisen bewusst wahrzunehmen, innere Muster zu reflektieren und neue Perspektiven zu entwickeln.                            Dadurch entsteht ein Raum, in dem Klarheit wachsen und Entscheidungen mit innerer Sicherheit       getroffen werden k\u00f6nnen.<\/p>\n<\/div>\n<\/div>\n\n\n\n<hr class=\"wp-block-separator alignwide has-alpha-channel-opacity is-style-wide\"\/>\n\n\n\n<div class=\"wp-block-columns alignwide are-vertically-aligned-top is-layout-flex wp-container-core-columns-is-layout-30f78326 wp-block-columns-is-layout-flex\">\n<div class=\"wp-block-column is-vertically-aligned-top is-layout-flow wp-block-column-is-layout-flow\" style=\"flex-basis:300px\">\n<figure class=\"wp-block-image size-large\"><img loading=\"lazy\" decoding=\"async\" width=\"1024\" height=\"683\" src=\"https:\/\/schnetzerin.at\/wp-content\/uploads\/2026\/02\/Meditationsstimmung-1024x683.png\" alt=\"\" class=\"wp-image-902\" srcset=\"https:\/\/schnetzerin.at\/wp-content\/uploads\/2026\/02\/Meditationsstimmung-1024x683.png 1024w, https:\/\/schnetzerin.at\/wp-content\/uploads\/2026\/02\/Meditationsstimmung-300x200.png 300w, https:\/\/schnetzerin.at\/wp-content\/uploads\/2026\/02\/Meditationsstimmung-768x512.png 768w, https:\/\/schnetzerin.at\/wp-content\/uploads\/2026\/02\/Meditationsstimmung.png 1536w\" sizes=\"auto, (max-width: 1024px) 100vw, 1024px\" \/><\/figure>\n<\/div>\n\n\n\n<div class=\"wp-block-column is-vertically-aligned-top is-layout-flow wp-block-column-is-layout-flow\">\n<h2 class=\"wp-block-heading has-large-font-size\" style=\"margin-top:0px\"><strong>Seele<\/strong><\/h2>\n\n\n\n<p><strong>Meditative Praxis und innere Sammlung<\/strong><\/p>\n\n\n\n<p><br>Die seelische Ebene betrifft unsere innere Haltung, unsere Werte und das Empfinden von Stimmigkeit.       Sie wird besonders sp\u00fcrbar in Momenten des \u00dcbergangs \u2014 wenn Gewohntes nicht mehr tr\u00e4gt und      Neues noch nicht klar erkennbar ist.<\/p>\n\n\n\n<p>Meditation schafft Raum.<br>Raum zwischen Impuls und Handlung.<br>Raum f\u00fcr Wahrnehmung jenseits von Druck und Erwartung.<\/p>\n\n\n\n<p>Regelm\u00e4\u00dfige meditative Praxis f\u00f6rdert Sammlung und innere Ausrichtung. Sie unterst\u00fctzt dabei,        Abstand zu gewinnen, das Wesentliche zu erkennen und Entscheidungen nicht nur rational,                sondern aus einem Zustand der Ruhe heraus zu treffen.<\/p>\n\n\n\n<p>Die bewusste Hinwendung zur eigenen Mitte ist Bestandteil der Traditionellen Europ\u00e4ischen Medizin.    Durch regelm\u00e4\u00dfige \u00dcbung kann innere Ruhe und Gelassenheit Schritt f\u00fcr Schritt vertieft werden.<\/p>\n<\/div>\n<\/div>\n\n\n\n<hr class=\"wp-block-separator alignwide has-alpha-channel-opacity is-style-wide\"\/>\n\n\n\n<p class=\"has-text-align-center\">                                                                        <strong>Bitte beachten Sie:<\/strong> Meine T\u00e4tigkeit versteht sich als begleitende Unterst\u00fctzung und ersetzt keine \u00e4rztliche oder psychotherapeutische Behandlung!<\/p>\n","protected":false},"excerpt":{"rendered":"<p>Innehalten. Ausrichten. Weitergehen. Orientierung in Zeiten des Wandels Wenn Ver\u00e4nderung sp\u00fcrbar wird Es gibt Lebensphasen, in denen Fragen nach Neuorientierung in den Vordergrund r\u00fccken. An solchen Wendepunkten kann Innehalten helfen, den eigenen Weg aus einer<\/p>\n","protected":false},"author":1,"featured_media":0,"parent":0,"menu_order":0,"comment_status":"closed","ping_status":"open","template":"","meta":{"footnotes":""},"class_list":["post-2","page","type-page","status-publish","hentry"],"_links":{"self":[{"href":"https:\/\/schnetzerin.at\/index.php\/wp-json\/wp\/v2\/pages\/2","targetHints":{"allow":["GET"]}}],"collection":[{"href":"https:\/\/schnetzerin.at\/index.php\/wp-json\/wp\/v2\/pages"}],"about":[{"href":"https:\/\/schnetzerin.at\/index.php\/wp-json\/wp\/v2\/types\/page"}],"author":[{"embeddable":true,"href":"https:\/\/schnetzerin.at\/index.php\/wp-json\/wp\/v2\/users\/1"}],"replies":[{"embeddable":true,"href":"https:\/\/schnetzerin.at\/index.php\/wp-json\/wp\/v2\/comments?post=2"}],"version-history":[{"count":151,"href":"https:\/\/schnetzerin.at\/index.php\/wp-json\/wp\/v2\/pages\/2\/revisions"}],"predecessor-version":[{"id":1018,"href":"https:\/\/schnetzerin.at\/index.php\/wp-json\/wp\/v2\/pages\/2\/revisions\/1018"}],"wp:attachment":[{"href":"https:\/\/schnetzerin.at\/index.php\/wp-json\/wp\/v2\/media?parent=2"}],"curies":[{"name":"wp","href":"https:\/\/api.w.org\/{rel}","templated":true}]}}